{"id":566,"date":"2025-12-15T19:32:45","date_gmt":"2025-12-15T22:32:45","guid":{"rendered":"https:\/\/fsaq.edu.br\/?page_id=566"},"modified":"2026-03-08T16:30:14","modified_gmt":"2026-03-08T19:30:14","slug":"pedagogia-1","status":"publish","type":"page","link":"https:\/\/fsaq.edu.br\/?page_id=566","title":{"rendered":"PEDAGOGIA"},"content":{"rendered":"\t\t<div data-elementor-type=\"wp-page\" data-elementor-id=\"566\" class=\"elementor elementor-566\" data-elementor-settings=\"{&quot;ha_cmc_init_switcher&quot;:&quot;no&quot;}\" data-elementor-post-type=\"page\">\n\t\t\t\t<div data-particle_enable=\"false\" data-particle-mobile-disabled=\"false\" class=\"elementor-element elementor-element-eac43a0 e-con-full e-flex e-con e-parent\" data-id=\"eac43a0\" data-element_type=\"container\" data-e-type=\"container\" data-settings=\"{&quot;_ha_eqh_enable&quot;:false}\">\n\t\t<div data-particle_enable=\"false\" data-particle-mobile-disabled=\"false\" class=\"elementor-element elementor-element-2357e17 e-con-full e-flex e-con e-child\" data-id=\"2357e17\" data-element_type=\"container\" data-e-type=\"container\" data-settings=\"{&quot;_ha_eqh_enable&quot;:false}\">\n\t\t\t\t<div class=\"elementor-element elementor-element-6e17f40 elementor-widget elementor-widget-heading\" data-id=\"6e17f40\" data-element_type=\"widget\" data-e-type=\"widget\" data-widget_type=\"heading.default\">\n\t\t\t\t<div class=\"elementor-widget-container\">\n\t\t\t\t\t<h2 class=\"elementor-heading-title elementor-size-default\">PEDAGOGIA - LICENCIATURA<\/h2>\t\t\t\t<\/div>\n\t\t\t\t<\/div>\n\t\t\t\t<div class=\"elementor-element elementor-element-f390a9c elementor-widget elementor-widget-text-editor\" data-id=\"f390a9c\" data-element_type=\"widget\" data-e-type=\"widget\" data-widget_type=\"text-editor.default\">\n\t\t\t\t<div class=\"elementor-widget-container\">\n\t\t\t\t\t\t\t\t\t<p class=\"Textstyle__TextComponent-sc-h4og4r-0 fxsA-Db text-duration\">8 semestres\u00a0&#8211;\u00a04\u00a0anos<\/p><div class=\"styles__Stamps-sc-2li7ne-12 irbHhw\">\u00a0<\/div>\t\t\t\t\t\t\t\t<\/div>\n\t\t\t\t<\/div>\n\t\t\t\t<\/div>\n\t\t<div data-particle_enable=\"false\" data-particle-mobile-disabled=\"false\" class=\"elementor-element elementor-element-2d1d7a9 e-con-full e-flex e-con e-child\" data-id=\"2d1d7a9\" data-element_type=\"container\" data-e-type=\"container\" data-settings=\"{&quot;_ha_eqh_enable&quot;:false}\">\n\t\t\t\t<div class=\"elementor-element elementor-element-dff0e49 elementor-widget elementor-widget-image\" data-id=\"dff0e49\" data-element_type=\"widget\" data-e-type=\"widget\" data-widget_type=\"image.default\">\n\t\t\t\t<div class=\"elementor-widget-container\">\n\t\t\t\t\t\t\t\t\t\t\t\t\t\t\t<img fetchpriority=\"high\" decoding=\"async\" width=\"800\" height=\"480\" src=\"https:\/\/fsaq.edu.br\/wp-content\/uploads\/2025\/12\/5-2-1024x614.png\" class=\"elementor-animation-shrink attachment-large size-large wp-image-595\" alt=\"\" srcset=\"https:\/\/fsaq.edu.br\/wp-content\/uploads\/2025\/12\/5-2-1024x614.png 1024w, https:\/\/fsaq.edu.br\/wp-content\/uploads\/2025\/12\/5-2-300x180.png 300w, https:\/\/fsaq.edu.br\/wp-content\/uploads\/2025\/12\/5-2-768x461.png 768w, https:\/\/fsaq.edu.br\/wp-content\/uploads\/2025\/12\/5-2.png 1200w\" sizes=\"(max-width: 800px) 100vw, 800px\" \/>\t\t\t\t\t\t\t\t\t\t\t\t\t\t\t<\/div>\n\t\t\t\t<\/div>\n\t\t\t\t<\/div>\n\t\t\t\t<\/div>\n\t\t<div data-particle_enable=\"false\" data-particle-mobile-disabled=\"false\" class=\"elementor-element elementor-element-93bdb0f e-con-full e-flex e-con e-parent\" data-id=\"93bdb0f\" data-element_type=\"container\" data-e-type=\"container\" data-settings=\"{&quot;_ha_eqh_enable&quot;:false}\">\n\t\t\t\t<div class=\"elementor-element elementor-element-2042d13 elementor-widget elementor-widget-spacer\" data-id=\"2042d13\" data-element_type=\"widget\" data-e-type=\"widget\" data-widget_type=\"spacer.default\">\n\t\t\t\t<div class=\"elementor-widget-container\">\n\t\t\t\t\t\t\t<div class=\"elementor-spacer\">\n\t\t\t<div class=\"elementor-spacer-inner\"><\/div>\n\t\t<\/div>\n\t\t\t\t\t\t<\/div>\n\t\t\t\t<\/div>\n\t\t\t\t<\/div>\n\t\t<div data-particle_enable=\"false\" data-particle-mobile-disabled=\"false\" class=\"elementor-element elementor-element-1c78224 e-flex e-con-boxed e-con e-parent\" data-id=\"1c78224\" data-element_type=\"container\" data-e-type=\"container\" data-settings=\"{&quot;background_background&quot;:&quot;classic&quot;,&quot;_ha_eqh_enable&quot;:false}\">\n\t\t\t\t\t<div class=\"e-con-inner\">\n\t\t\t\t<div class=\"elementor-element elementor-element-1418296 elementor-widget elementor-widget-heading\" data-id=\"1418296\" data-element_type=\"widget\" data-e-type=\"widget\" data-widget_type=\"heading.default\">\n\t\t\t\t<div class=\"elementor-widget-container\">\n\t\t\t\t\t<h2 class=\"elementor-heading-title elementor-size-default\">SOBRE O CURSO<\/h2>\t\t\t\t<\/div>\n\t\t\t\t<\/div>\n\t\t\t\t<div class=\"elementor-element elementor-element-655bf4f elementor-widget elementor-widget-text-editor\" data-id=\"655bf4f\" data-element_type=\"widget\" data-e-type=\"widget\" data-widget_type=\"text-editor.default\">\n\t\t\t\t<div class=\"elementor-widget-container\">\n\t\t\t\t\t\t\t\t\t<p data-start=\"3481\" data-end=\"3648\">O <strong data-start=\"3483\" data-end=\"3511\">Licenciatura em Pedagogia<\/strong> da <strong data-start=\"3515\" data-end=\"3523\">FSAQ<\/strong> forma profissionais comprometidos com a educa\u00e7\u00e3o, a aprendizagem e o desenvolvimento humano em diferentes contextos sociais.<\/p><p data-start=\"3650\" data-end=\"3845\">Durante o curso, o estudante desenvolve compet\u00eancias pedag\u00f3gicas, did\u00e1ticas e de gest\u00e3o educacional, compreendendo os processos de ensino e aprendizagem ao longo das diferentes fases da educa\u00e7\u00e3o.<\/p><p data-start=\"3847\" data-end=\"4043\">A forma\u00e7\u00e3o integra fundamentos te\u00f3ricos \u00e0 pr\u00e1tica educativa, preparando o pedagogo para atuar na educa\u00e7\u00e3o b\u00e1sica, em espa\u00e7os educativos formais e n\u00e3o formais e na gest\u00e3o de processos educacionais.<\/p><p data-start=\"4045\" data-end=\"4146\">O curso estimula a reflex\u00e3o cr\u00edtica, a responsabilidade social e o compromisso com a forma\u00e7\u00e3o cidad\u00e3.<\/p><p data-start=\"4148\" data-end=\"4244\">Graduar-se em Pedagogia pela FSAQ \u00e9 contribuir para a transforma\u00e7\u00e3o social por meio da educa\u00e7\u00e3o.<\/p>\t\t\t\t\t\t\t\t<\/div>\n\t\t\t\t<\/div>\n\t\t\t\t\t<\/div>\n\t\t\t\t<\/div>\n\t\t<div data-particle_enable=\"false\" data-particle-mobile-disabled=\"false\" class=\"elementor-element elementor-element-5e8d9f9 e-flex e-con-boxed e-con e-parent\" data-id=\"5e8d9f9\" data-element_type=\"container\" data-e-type=\"container\" data-settings=\"{&quot;background_background&quot;:&quot;gradient&quot;,&quot;_ha_eqh_enable&quot;:false}\">\n\t\t\t\t\t<div class=\"e-con-inner\">\n\t\t\t\t<div class=\"elementor-element elementor-element-82e5e5b elementor-widget__width-initial elementor-widget-mobile__width-initial elementor-widget-tablet__width-initial elementor-widget elementor-widget-image\" data-id=\"82e5e5b\" data-element_type=\"widget\" data-e-type=\"widget\" data-widget_type=\"image.default\">\n\t\t\t\t<div class=\"elementor-widget-container\">\n\t\t\t\t\t\t\t\t\t\t\t\t\t\t\t<img decoding=\"async\" width=\"800\" height=\"480\" src=\"https:\/\/fsaq.edu.br\/wp-content\/uploads\/2025\/12\/6-1024x614.png\" class=\"elementor-animation-pulse-grow attachment-large size-large wp-image-596\" alt=\"\" srcset=\"https:\/\/fsaq.edu.br\/wp-content\/uploads\/2025\/12\/6-1024x614.png 1024w, https:\/\/fsaq.edu.br\/wp-content\/uploads\/2025\/12\/6-300x180.png 300w, https:\/\/fsaq.edu.br\/wp-content\/uploads\/2025\/12\/6-768x461.png 768w, https:\/\/fsaq.edu.br\/wp-content\/uploads\/2025\/12\/6.png 1200w\" sizes=\"(max-width: 800px) 100vw, 800px\" \/>\t\t\t\t\t\t\t\t\t\t\t\t\t\t\t<\/div>\n\t\t\t\t<\/div>\n\t\t\t\t<div class=\"elementor-element elementor-element-cd28973 elementor-widget__width-initial elementor-widget-tablet__width-initial elementor-widget-mobile__width-initial elementor-widget elementor-widget-heading\" data-id=\"cd28973\" data-element_type=\"widget\" data-e-type=\"widget\" data-widget_type=\"heading.default\">\n\t\t\t\t<div class=\"elementor-widget-container\">\n\t\t\t\t\t<h2 class=\"elementor-heading-title elementor-size-default\">Seja um profissional em<br>PEDAGOGIA<\/h2>\t\t\t\t<\/div>\n\t\t\t\t<\/div>\n\t\t\t\t<div class=\"elementor-element elementor-element-5cbc960 elementor-align-center elementor-widget__width-inherit elementor-widget elementor-widget-button\" data-id=\"5cbc960\" data-element_type=\"widget\" data-e-type=\"widget\" data-widget_type=\"button.default\">\n\t\t\t\t<div class=\"elementor-widget-container\">\n\t\t\t\t\t\t\t\t\t<div class=\"elementor-button-wrapper\">\n\t\t\t\t\t<a class=\"elementor-button elementor-button-link elementor-size-sm\" href=\"#\">\n\t\t\t\t\t\t<span class=\"elementor-button-content-wrapper\">\n\t\t\t\t\t\t\t\t\t<span class=\"elementor-button-text\">Inscreva-se<\/span>\n\t\t\t\t\t<\/span>\n\t\t\t\t\t<\/a>\n\t\t\t\t<\/div>\n\t\t\t\t\t\t\t\t<\/div>\n\t\t\t\t<\/div>\n\t\t\t\t\t<\/div>\n\t\t\t\t<\/div>\n\t\t\t\t<\/div>\n\t\t","protected":false},"excerpt":{"rendered":"<p>PEDAGOGIA &#8211; LICENCIATURA 8 semestres\u00a0&#8211;\u00a04\u00a0anos \u00a0 SOBRE O CURSO O Licenciatura em Pedagogia da FSAQ forma profissionais comprometidos com a educa\u00e7\u00e3o, a aprendizagem e o desenvolvimento humano em diferentes contextos sociais. Durante o curso, o estudante desenvolve compet\u00eancias pedag\u00f3gicas, did\u00e1ticas e de gest\u00e3o educacional, compreendendo os processos de ensino e aprendizagem ao longo das diferentes [&hellip;]<\/p>\n","protected":false},"author":1,"featured_media":0,"parent":0,"menu_order":0,"comment_status":"closed","ping_status":"closed","template":"elementor_header_footer","meta":{"footnotes":""},"class_list":["post-566","page","type-page","status-publish","hentry"],"_links":{"self":[{"href":"https:\/\/fsaq.edu.br\/index.php?rest_route=\/wp\/v2\/pages\/566","targetHints":{"allow":["GET"]}}],"collection":[{"href":"https:\/\/fsaq.edu.br\/index.php?rest_route=\/wp\/v2\/pages"}],"about":[{"href":"https:\/\/fsaq.edu.br\/index.php?rest_route=\/wp\/v2\/types\/page"}],"author":[{"embeddable":true,"href":"https:\/\/fsaq.edu.br\/index.php?rest_route=\/wp\/v2\/users\/1"}],"replies":[{"embeddable":true,"href":"https:\/\/fsaq.edu.br\/index.php?rest_route=%2Fwp%2Fv2%2Fcomments&post=566"}],"version-history":[{"count":35,"href":"https:\/\/fsaq.edu.br\/index.php?rest_route=\/wp\/v2\/pages\/566\/revisions"}],"predecessor-version":[{"id":856,"href":"https:\/\/fsaq.edu.br\/index.php?rest_route=\/wp\/v2\/pages\/566\/revisions\/856"}],"wp:attachment":[{"href":"https:\/\/fsaq.edu.br\/index.php?rest_route=%2Fwp%2Fv2%2Fmedia&parent=566"}],"curies":[{"name":"wp","href":"https:\/\/api.w.org\/{rel}","templated":true}]}}