{"id":565,"date":"2025-12-15T19:32:03","date_gmt":"2025-12-15T22:32:03","guid":{"rendered":"https:\/\/fsaq.edu.br\/?page_id=565"},"modified":"2026-03-08T16:28:39","modified_gmt":"2026-03-08T19:28:39","slug":"fisioterapia-1","status":"publish","type":"page","link":"https:\/\/fsaq.edu.br\/?page_id=565","title":{"rendered":"FISIOTERAPIA"},"content":{"rendered":"\t\t<div data-elementor-type=\"wp-page\" data-elementor-id=\"565\" class=\"elementor elementor-565\" data-elementor-settings=\"{&quot;ha_cmc_init_switcher&quot;:&quot;no&quot;}\" data-elementor-post-type=\"page\">\n\t\t\t\t<div data-particle_enable=\"false\" data-particle-mobile-disabled=\"false\" class=\"elementor-element elementor-element-eac43a0 e-con-full e-flex e-con e-parent\" data-id=\"eac43a0\" data-element_type=\"container\" data-e-type=\"container\" data-settings=\"{&quot;_ha_eqh_enable&quot;:false}\">\n\t\t<div data-particle_enable=\"false\" data-particle-mobile-disabled=\"false\" class=\"elementor-element elementor-element-2357e17 e-con-full e-flex e-con e-child\" data-id=\"2357e17\" data-element_type=\"container\" data-e-type=\"container\" data-settings=\"{&quot;_ha_eqh_enable&quot;:false}\">\n\t\t\t\t<div class=\"elementor-element elementor-element-6e17f40 elementor-widget elementor-widget-heading\" data-id=\"6e17f40\" data-element_type=\"widget\" data-e-type=\"widget\" data-widget_type=\"heading.default\">\n\t\t\t\t<div class=\"elementor-widget-container\">\n\t\t\t\t\t<h2 class=\"elementor-heading-title elementor-size-default\">FISIOTERAPIA - BACHARELADO<\/h2>\t\t\t\t<\/div>\n\t\t\t\t<\/div>\n\t\t\t\t<div class=\"elementor-element elementor-element-f390a9c elementor-widget elementor-widget-text-editor\" data-id=\"f390a9c\" data-element_type=\"widget\" data-e-type=\"widget\" data-widget_type=\"text-editor.default\">\n\t\t\t\t<div class=\"elementor-widget-container\">\n\t\t\t\t\t\t\t\t\t<p class=\"Textstyle__TextComponent-sc-h4og4r-0 fxsA-Db text-duration\">10 semestres &#8211; 5 anos<\/p><div class=\"styles__Stamps-sc-2li7ne-12 irbHhw\">\u00a0<\/div>\t\t\t\t\t\t\t\t<\/div>\n\t\t\t\t<\/div>\n\t\t\t\t<\/div>\n\t\t<div data-particle_enable=\"false\" data-particle-mobile-disabled=\"false\" class=\"elementor-element elementor-element-2d1d7a9 e-con-full e-flex e-con e-child\" data-id=\"2d1d7a9\" data-element_type=\"container\" data-e-type=\"container\" data-settings=\"{&quot;_ha_eqh_enable&quot;:false}\">\n\t\t\t\t<div class=\"elementor-element elementor-element-dff0e49 elementor-widget elementor-widget-image\" data-id=\"dff0e49\" data-element_type=\"widget\" data-e-type=\"widget\" data-widget_type=\"image.default\">\n\t\t\t\t<div class=\"elementor-widget-container\">\n\t\t\t\t\t\t\t\t\t\t\t\t\t\t\t<img fetchpriority=\"high\" decoding=\"async\" width=\"800\" height=\"480\" src=\"https:\/\/fsaq.edu.br\/wp-content\/uploads\/2025\/12\/3-5-1024x614.png\" class=\"elementor-animation-shrink attachment-large size-large wp-image-593\" alt=\"\" srcset=\"https:\/\/fsaq.edu.br\/wp-content\/uploads\/2025\/12\/3-5-1024x614.png 1024w, https:\/\/fsaq.edu.br\/wp-content\/uploads\/2025\/12\/3-5-300x180.png 300w, https:\/\/fsaq.edu.br\/wp-content\/uploads\/2025\/12\/3-5-768x461.png 768w, https:\/\/fsaq.edu.br\/wp-content\/uploads\/2025\/12\/3-5.png 1200w\" sizes=\"(max-width: 800px) 100vw, 800px\" \/>\t\t\t\t\t\t\t\t\t\t\t\t\t\t\t<\/div>\n\t\t\t\t<\/div>\n\t\t\t\t<\/div>\n\t\t\t\t<\/div>\n\t\t<div data-particle_enable=\"false\" data-particle-mobile-disabled=\"false\" class=\"elementor-element elementor-element-93bdb0f e-con-full e-flex e-con e-parent\" data-id=\"93bdb0f\" data-element_type=\"container\" data-e-type=\"container\" data-settings=\"{&quot;_ha_eqh_enable&quot;:false}\">\n\t\t\t\t<div class=\"elementor-element elementor-element-2042d13 elementor-widget elementor-widget-spacer\" data-id=\"2042d13\" data-element_type=\"widget\" data-e-type=\"widget\" data-widget_type=\"spacer.default\">\n\t\t\t\t<div class=\"elementor-widget-container\">\n\t\t\t\t\t\t\t<div class=\"elementor-spacer\">\n\t\t\t<div class=\"elementor-spacer-inner\"><\/div>\n\t\t<\/div>\n\t\t\t\t\t\t<\/div>\n\t\t\t\t<\/div>\n\t\t\t\t<\/div>\n\t\t<div data-particle_enable=\"false\" data-particle-mobile-disabled=\"false\" class=\"elementor-element elementor-element-1c78224 e-flex e-con-boxed e-con e-parent\" data-id=\"1c78224\" data-element_type=\"container\" data-e-type=\"container\" data-settings=\"{&quot;background_background&quot;:&quot;classic&quot;,&quot;_ha_eqh_enable&quot;:false}\">\n\t\t\t\t\t<div class=\"e-con-inner\">\n\t\t\t\t<div class=\"elementor-element elementor-element-1418296 elementor-widget elementor-widget-heading\" data-id=\"1418296\" data-element_type=\"widget\" data-e-type=\"widget\" data-widget_type=\"heading.default\">\n\t\t\t\t<div class=\"elementor-widget-container\">\n\t\t\t\t\t<h2 class=\"elementor-heading-title elementor-size-default\">SOBRE O CURSO<\/h2>\t\t\t\t<\/div>\n\t\t\t\t<\/div>\n\t\t\t\t<div class=\"elementor-element elementor-element-655bf4f elementor-widget elementor-widget-text-editor\" data-id=\"655bf4f\" data-element_type=\"widget\" data-e-type=\"widget\" data-widget_type=\"text-editor.default\">\n\t\t\t\t<div class=\"elementor-widget-container\">\n\t\t\t\t\t\t\t\t\t<p data-start=\"2640\" data-end=\"2810\">O <strong data-start=\"2642\" data-end=\"2673\">Bacharelado em Fisioterapia<\/strong> da <strong data-start=\"2677\" data-end=\"2685\">FSAQ<\/strong> forma profissionais capacitados para atuar na preven\u00e7\u00e3o, avalia\u00e7\u00e3o funcional, tratamento e reabilita\u00e7\u00e3o do movimento humano.<\/p><p data-start=\"2812\" data-end=\"3046\">Ao longo do curso, o estudante desenvolve conhecimentos t\u00e9cnicos e cient\u00edficos aliados \u00e0 pr\u00e1tica cl\u00ednica, preparando-se para atuar em diferentes n\u00edveis de aten\u00e7\u00e3o \u00e0 sa\u00fade, com foco na funcionalidade e na qualidade de vida do paciente.<\/p><p data-start=\"3048\" data-end=\"3204\">A forma\u00e7\u00e3o valoriza a atua\u00e7\u00e3o humanizada, o racioc\u00ednio cl\u00ednico e o uso de m\u00e9todos e recursos terap\u00eauticos adequados \u00e0s necessidades individuais e coletivas.<\/p><p data-start=\"3206\" data-end=\"3323\">O curso acompanha as inova\u00e7\u00f5es da \u00e1rea da sa\u00fade, incentivando a atualiza\u00e7\u00e3o cont\u00ednua e a atua\u00e7\u00e3o \u00e9tica e respons\u00e1vel.<\/p><p data-start=\"3325\" data-end=\"3439\">Cursar Fisioterapia na FSAQ \u00e9 escolher uma profiss\u00e3o voltada ao cuidado, \u00e0 reabilita\u00e7\u00e3o e \u00e0 promo\u00e7\u00e3o do bem-estar.<\/p>\t\t\t\t\t\t\t\t<\/div>\n\t\t\t\t<\/div>\n\t\t\t\t\t<\/div>\n\t\t\t\t<\/div>\n\t\t<div data-particle_enable=\"false\" data-particle-mobile-disabled=\"false\" class=\"elementor-element elementor-element-5e8d9f9 e-flex e-con-boxed e-con e-parent\" data-id=\"5e8d9f9\" data-element_type=\"container\" data-e-type=\"container\" data-settings=\"{&quot;background_background&quot;:&quot;gradient&quot;,&quot;_ha_eqh_enable&quot;:false}\">\n\t\t\t\t\t<div class=\"e-con-inner\">\n\t\t\t\t<div class=\"elementor-element elementor-element-82e5e5b elementor-widget__width-initial elementor-widget elementor-widget-image\" data-id=\"82e5e5b\" data-element_type=\"widget\" data-e-type=\"widget\" data-widget_type=\"image.default\">\n\t\t\t\t<div class=\"elementor-widget-container\">\n\t\t\t\t\t\t\t\t\t\t\t\t\t\t\t<img decoding=\"async\" width=\"800\" height=\"480\" src=\"https:\/\/fsaq.edu.br\/wp-content\/uploads\/2025\/12\/4-3-1024x614.png\" class=\"elementor-animation-pulse-grow attachment-large size-large wp-image-594\" alt=\"\" srcset=\"https:\/\/fsaq.edu.br\/wp-content\/uploads\/2025\/12\/4-3-1024x614.png 1024w, https:\/\/fsaq.edu.br\/wp-content\/uploads\/2025\/12\/4-3-300x180.png 300w, https:\/\/fsaq.edu.br\/wp-content\/uploads\/2025\/12\/4-3-768x461.png 768w, https:\/\/fsaq.edu.br\/wp-content\/uploads\/2025\/12\/4-3.png 1200w\" sizes=\"(max-width: 800px) 100vw, 800px\" \/>\t\t\t\t\t\t\t\t\t\t\t\t\t\t\t<\/div>\n\t\t\t\t<\/div>\n\t\t\t\t<div class=\"elementor-element elementor-element-cd28973 elementor-widget__width-initial elementor-widget elementor-widget-heading\" data-id=\"cd28973\" data-element_type=\"widget\" data-e-type=\"widget\" data-widget_type=\"heading.default\">\n\t\t\t\t<div class=\"elementor-widget-container\">\n\t\t\t\t\t<h2 class=\"elementor-heading-title elementor-size-default\">Seja um profissional em\n\nFISIOTERAPIA<\/h2>\t\t\t\t<\/div>\n\t\t\t\t<\/div>\n\t\t\t\t<div class=\"elementor-element elementor-element-5cbc960 elementor-align-center elementor-widget__width-inherit elementor-widget elementor-widget-button\" data-id=\"5cbc960\" data-element_type=\"widget\" data-e-type=\"widget\" data-widget_type=\"button.default\">\n\t\t\t\t<div class=\"elementor-widget-container\">\n\t\t\t\t\t\t\t\t\t<div class=\"elementor-button-wrapper\">\n\t\t\t\t\t<a class=\"elementor-button elementor-button-link elementor-size-sm\" href=\"#\">\n\t\t\t\t\t\t<span class=\"elementor-button-content-wrapper\">\n\t\t\t\t\t\t\t\t\t<span class=\"elementor-button-text\">Inscreva-se<\/span>\n\t\t\t\t\t<\/span>\n\t\t\t\t\t<\/a>\n\t\t\t\t<\/div>\n\t\t\t\t\t\t\t\t<\/div>\n\t\t\t\t<\/div>\n\t\t\t\t\t<\/div>\n\t\t\t\t<\/div>\n\t\t\t\t<\/div>\n\t\t","protected":false},"excerpt":{"rendered":"<p>FISIOTERAPIA &#8211; BACHARELADO 10 semestres &#8211; 5 anos \u00a0 SOBRE O CURSO O Bacharelado em Fisioterapia da FSAQ forma profissionais capacitados para atuar na preven\u00e7\u00e3o, avalia\u00e7\u00e3o funcional, tratamento e reabilita\u00e7\u00e3o do movimento humano. Ao longo do curso, o estudante desenvolve conhecimentos t\u00e9cnicos e cient\u00edficos aliados \u00e0 pr\u00e1tica cl\u00ednica, preparando-se para atuar em diferentes n\u00edveis de [&hellip;]<\/p>\n","protected":false},"author":1,"featured_media":0,"parent":0,"menu_order":0,"comment_status":"closed","ping_status":"closed","template":"elementor_header_footer","meta":{"footnotes":""},"class_list":["post-565","page","type-page","status-publish","hentry"],"_links":{"self":[{"href":"https:\/\/fsaq.edu.br\/index.php?rest_route=\/wp\/v2\/pages\/565","targetHints":{"allow":["GET"]}}],"collection":[{"href":"https:\/\/fsaq.edu.br\/index.php?rest_route=\/wp\/v2\/pages"}],"about":[{"href":"https:\/\/fsaq.edu.br\/index.php?rest_route=\/wp\/v2\/types\/page"}],"author":[{"embeddable":true,"href":"https:\/\/fsaq.edu.br\/index.php?rest_route=\/wp\/v2\/users\/1"}],"replies":[{"embeddable":true,"href":"https:\/\/fsaq.edu.br\/index.php?rest_route=%2Fwp%2Fv2%2Fcomments&post=565"}],"version-history":[{"count":8,"href":"https:\/\/fsaq.edu.br\/index.php?rest_route=\/wp\/v2\/pages\/565\/revisions"}],"predecessor-version":[{"id":853,"href":"https:\/\/fsaq.edu.br\/index.php?rest_route=\/wp\/v2\/pages\/565\/revisions\/853"}],"wp:attachment":[{"href":"https:\/\/fsaq.edu.br\/index.php?rest_route=%2Fwp%2Fv2%2Fmedia&parent=565"}],"curies":[{"name":"wp","href":"https:\/\/api.w.org\/{rel}","templated":true}]}}