{"id":564,"date":"2025-12-15T19:29:57","date_gmt":"2025-12-15T22:29:57","guid":{"rendered":"https:\/\/fsaq.edu.br\/?page_id=564"},"modified":"2026-03-08T16:25:25","modified_gmt":"2026-03-08T19:25:25","slug":"engenharia-civil-2","status":"publish","type":"page","link":"https:\/\/fsaq.edu.br\/?page_id=564","title":{"rendered":"ENGENHARIA CIVIL"},"content":{"rendered":"\t\t<div data-elementor-type=\"wp-page\" data-elementor-id=\"564\" class=\"elementor elementor-564\" data-elementor-settings=\"{&quot;ha_cmc_init_switcher&quot;:&quot;no&quot;}\" data-elementor-post-type=\"page\">\n\t\t\t\t<div data-particle_enable=\"false\" data-particle-mobile-disabled=\"false\" class=\"elementor-element elementor-element-eac43a0 e-con-full e-flex e-con e-parent\" data-id=\"eac43a0\" data-element_type=\"container\" data-e-type=\"container\" data-settings=\"{&quot;_ha_eqh_enable&quot;:false}\">\n\t\t<div data-particle_enable=\"false\" data-particle-mobile-disabled=\"false\" class=\"elementor-element elementor-element-2357e17 e-con-full e-flex e-con e-child\" data-id=\"2357e17\" data-element_type=\"container\" data-e-type=\"container\" data-settings=\"{&quot;_ha_eqh_enable&quot;:false}\">\n\t\t\t\t<div class=\"elementor-element elementor-element-6e17f40 elementor-widget elementor-widget-heading\" data-id=\"6e17f40\" data-element_type=\"widget\" data-e-type=\"widget\" data-widget_type=\"heading.default\">\n\t\t\t\t<div class=\"elementor-widget-container\">\n\t\t\t\t\t<h2 class=\"elementor-heading-title elementor-size-default\">ENGENHARIA CIVIL - BACHARELADO<\/h2>\t\t\t\t<\/div>\n\t\t\t\t<\/div>\n\t\t\t\t<div class=\"elementor-element elementor-element-f390a9c elementor-widget elementor-widget-text-editor\" data-id=\"f390a9c\" data-element_type=\"widget\" data-e-type=\"widget\" data-widget_type=\"text-editor.default\">\n\t\t\t\t<div class=\"elementor-widget-container\">\n\t\t\t\t\t\t\t\t\t<p class=\"Textstyle__TextComponent-sc-h4og4r-0 fxsA-Db text-duration\">10 semestres &#8211; 5 anos<\/p>\n<div class=\"styles__Stamps-sc-2li7ne-12 irbHhw\">\u00a0<\/div>\t\t\t\t\t\t\t\t<\/div>\n\t\t\t\t<\/div>\n\t\t\t\t<\/div>\n\t\t<div data-particle_enable=\"false\" data-particle-mobile-disabled=\"false\" class=\"elementor-element elementor-element-2d1d7a9 e-con-full e-flex e-con e-child\" data-id=\"2d1d7a9\" data-element_type=\"container\" data-e-type=\"container\" data-settings=\"{&quot;_ha_eqh_enable&quot;:false}\">\n\t\t\t\t<div class=\"elementor-element elementor-element-dff0e49 elementor-widget elementor-widget-image\" data-id=\"dff0e49\" data-element_type=\"widget\" data-e-type=\"widget\" data-widget_type=\"image.default\">\n\t\t\t\t<div class=\"elementor-widget-container\">\n\t\t\t\t\t\t\t\t\t\t\t\t\t\t\t<img fetchpriority=\"high\" decoding=\"async\" width=\"800\" height=\"480\" src=\"https:\/\/fsaq.edu.br\/wp-content\/uploads\/2025\/12\/8-1024x614.png\" class=\"elementor-animation-shrink attachment-large size-large wp-image-590\" alt=\"\" srcset=\"https:\/\/fsaq.edu.br\/wp-content\/uploads\/2025\/12\/8-1024x614.png 1024w, https:\/\/fsaq.edu.br\/wp-content\/uploads\/2025\/12\/8-300x180.png 300w, https:\/\/fsaq.edu.br\/wp-content\/uploads\/2025\/12\/8-768x461.png 768w, https:\/\/fsaq.edu.br\/wp-content\/uploads\/2025\/12\/8.png 1200w\" sizes=\"(max-width: 800px) 100vw, 800px\" \/>\t\t\t\t\t\t\t\t\t\t\t\t\t\t\t<\/div>\n\t\t\t\t<\/div>\n\t\t\t\t<\/div>\n\t\t\t\t<\/div>\n\t\t<div data-particle_enable=\"false\" data-particle-mobile-disabled=\"false\" class=\"elementor-element elementor-element-93bdb0f e-con-full e-flex e-con e-parent\" data-id=\"93bdb0f\" data-element_type=\"container\" data-e-type=\"container\" data-settings=\"{&quot;_ha_eqh_enable&quot;:false}\">\n\t\t\t\t<div class=\"elementor-element elementor-element-2042d13 elementor-widget elementor-widget-spacer\" data-id=\"2042d13\" data-element_type=\"widget\" data-e-type=\"widget\" data-widget_type=\"spacer.default\">\n\t\t\t\t<div class=\"elementor-widget-container\">\n\t\t\t\t\t\t\t<div class=\"elementor-spacer\">\n\t\t\t<div class=\"elementor-spacer-inner\"><\/div>\n\t\t<\/div>\n\t\t\t\t\t\t<\/div>\n\t\t\t\t<\/div>\n\t\t\t\t<\/div>\n\t\t<div data-particle_enable=\"false\" data-particle-mobile-disabled=\"false\" class=\"elementor-element elementor-element-1c78224 e-flex e-con-boxed e-con e-parent\" data-id=\"1c78224\" data-element_type=\"container\" data-e-type=\"container\" data-settings=\"{&quot;background_background&quot;:&quot;classic&quot;,&quot;_ha_eqh_enable&quot;:false}\">\n\t\t\t\t\t<div class=\"e-con-inner\">\n\t\t\t\t<div class=\"elementor-element elementor-element-1418296 elementor-widget elementor-widget-heading\" data-id=\"1418296\" data-element_type=\"widget\" data-e-type=\"widget\" data-widget_type=\"heading.default\">\n\t\t\t\t<div class=\"elementor-widget-container\">\n\t\t\t\t\t<h2 class=\"elementor-heading-title elementor-size-default\">SOBRE O CURSO<\/h2>\t\t\t\t<\/div>\n\t\t\t\t<\/div>\n\t\t\t\t<div class=\"elementor-element elementor-element-655bf4f elementor-widget elementor-widget-text-editor\" data-id=\"655bf4f\" data-element_type=\"widget\" data-e-type=\"widget\" data-widget_type=\"text-editor.default\">\n\t\t\t\t<div class=\"elementor-widget-container\">\n\t\t\t\t\t\t\t\t\t<p data-start=\"4293\" data-end=\"4497\">O <strong data-start=\"4295\" data-end=\"4330\">Bacharelado em Engenharia Civil<\/strong> da <strong data-start=\"4334\" data-end=\"4342\">FSAQ<\/strong> prepara profissionais para projetar, planejar, executar e gerenciar obras e servi\u00e7os de engenharia com base t\u00e9cnica, cient\u00edfica e responsabilidade social.<\/p>\n<p data-start=\"4499\" data-end=\"4681\">Ao longo da gradua\u00e7\u00e3o, o estudante desenvolve compet\u00eancias em estruturas, constru\u00e7\u00e3o civil, infraestrutura e gest\u00e3o de projetos, integrando teoria e pr\u00e1tica desde a forma\u00e7\u00e3o inicial.<\/p>\n<p data-start=\"4683\" data-end=\"4843\">O curso estimula o pensamento t\u00e9cnico, a an\u00e1lise de solu\u00e7\u00f5es eficientes e o uso respons\u00e1vel dos recursos, acompanhando as demandas do setor da constru\u00e7\u00e3o civil.<\/p>\n<p data-start=\"4845\" data-end=\"4953\">A forma\u00e7\u00e3o prepara o futuro engenheiro para atuar de forma \u00e9tica, segura e inovadora no mercado de trabalho.<\/p>\n<p data-start=\"4955\" data-end=\"5063\">Cursar Engenharia Civil na FSAQ \u00e9 investir em uma carreira essencial para o desenvolvimento urbano e social.<\/p>\t\t\t\t\t\t\t\t<\/div>\n\t\t\t\t<\/div>\n\t\t\t\t\t<\/div>\n\t\t\t\t<\/div>\n\t\t<div data-particle_enable=\"false\" data-particle-mobile-disabled=\"false\" class=\"elementor-element elementor-element-5e8d9f9 e-flex e-con-boxed e-con e-parent\" data-id=\"5e8d9f9\" data-element_type=\"container\" data-e-type=\"container\" data-settings=\"{&quot;background_background&quot;:&quot;gradient&quot;,&quot;_ha_eqh_enable&quot;:false}\">\n\t\t\t\t\t<div class=\"e-con-inner\">\n\t\t\t\t<div class=\"elementor-element elementor-element-82e5e5b elementor-widget__width-initial elementor-widget elementor-widget-image\" data-id=\"82e5e5b\" data-element_type=\"widget\" data-e-type=\"widget\" data-widget_type=\"image.default\">\n\t\t\t\t<div class=\"elementor-widget-container\">\n\t\t\t\t\t\t\t\t\t\t\t\t\t\t\t<img decoding=\"async\" width=\"800\" height=\"480\" src=\"https:\/\/fsaq.edu.br\/wp-content\/uploads\/2025\/12\/7-1024x614.png\" class=\"elementor-animation-pulse-grow attachment-large size-large wp-image-597\" alt=\"\" srcset=\"https:\/\/fsaq.edu.br\/wp-content\/uploads\/2025\/12\/7-1024x614.png 1024w, https:\/\/fsaq.edu.br\/wp-content\/uploads\/2025\/12\/7-300x180.png 300w, https:\/\/fsaq.edu.br\/wp-content\/uploads\/2025\/12\/7-768x461.png 768w, https:\/\/fsaq.edu.br\/wp-content\/uploads\/2025\/12\/7.png 1200w\" sizes=\"(max-width: 800px) 100vw, 800px\" \/>\t\t\t\t\t\t\t\t\t\t\t\t\t\t\t<\/div>\n\t\t\t\t<\/div>\n\t\t\t\t<div class=\"elementor-element elementor-element-cd28973 elementor-widget__width-initial elementor-widget elementor-widget-heading\" data-id=\"cd28973\" data-element_type=\"widget\" data-e-type=\"widget\" data-widget_type=\"heading.default\">\n\t\t\t\t<div class=\"elementor-widget-container\">\n\t\t\t\t\t<h2 class=\"elementor-heading-title elementor-size-default\">Seja um profissional em\n\nENGENHARIA CIVIL<\/h2>\t\t\t\t<\/div>\n\t\t\t\t<\/div>\n\t\t\t\t<div class=\"elementor-element elementor-element-5cbc960 elementor-align-center elementor-widget__width-inherit elementor-widget elementor-widget-button\" data-id=\"5cbc960\" data-element_type=\"widget\" data-e-type=\"widget\" data-widget_type=\"button.default\">\n\t\t\t\t<div class=\"elementor-widget-container\">\n\t\t\t\t\t\t\t\t\t<div class=\"elementor-button-wrapper\">\n\t\t\t\t\t<a class=\"elementor-button elementor-button-link elementor-size-sm\" href=\"#\">\n\t\t\t\t\t\t<span class=\"elementor-button-content-wrapper\">\n\t\t\t\t\t\t\t\t\t<span class=\"elementor-button-text\">Inscreva-se<\/span>\n\t\t\t\t\t<\/span>\n\t\t\t\t\t<\/a>\n\t\t\t\t<\/div>\n\t\t\t\t\t\t\t\t<\/div>\n\t\t\t\t<\/div>\n\t\t\t\t\t<\/div>\n\t\t\t\t<\/div>\n\t\t\t\t<\/div>\n\t\t","protected":false},"excerpt":{"rendered":"<p>ENGENHARIA CIVIL &#8211; BACHARELADO 10 semestres &#8211; 5 anos \u00a0 SOBRE O CURSO O Bacharelado em Engenharia Civil da FSAQ prepara profissionais para projetar, planejar, executar e gerenciar obras e servi\u00e7os de engenharia com base t\u00e9cnica, cient\u00edfica e responsabilidade social. Ao longo da gradua\u00e7\u00e3o, o estudante desenvolve compet\u00eancias em estruturas, constru\u00e7\u00e3o civil, infraestrutura e gest\u00e3o [&hellip;]<\/p>\n","protected":false},"author":1,"featured_media":0,"parent":0,"menu_order":0,"comment_status":"closed","ping_status":"closed","template":"elementor_header_footer","meta":{"footnotes":""},"class_list":["post-564","page","type-page","status-publish","hentry"],"_links":{"self":[{"href":"https:\/\/fsaq.edu.br\/index.php?rest_route=\/wp\/v2\/pages\/564","targetHints":{"allow":["GET"]}}],"collection":[{"href":"https:\/\/fsaq.edu.br\/index.php?rest_route=\/wp\/v2\/pages"}],"about":[{"href":"https:\/\/fsaq.edu.br\/index.php?rest_route=\/wp\/v2\/types\/page"}],"author":[{"embeddable":true,"href":"https:\/\/fsaq.edu.br\/index.php?rest_route=\/wp\/v2\/users\/1"}],"replies":[{"embeddable":true,"href":"https:\/\/fsaq.edu.br\/index.php?rest_route=%2Fwp%2Fv2%2Fcomments&post=564"}],"version-history":[{"count":9,"href":"https:\/\/fsaq.edu.br\/index.php?rest_route=\/wp\/v2\/pages\/564\/revisions"}],"predecessor-version":[{"id":850,"href":"https:\/\/fsaq.edu.br\/index.php?rest_route=\/wp\/v2\/pages\/564\/revisions\/850"}],"wp:attachment":[{"href":"https:\/\/fsaq.edu.br\/index.php?rest_route=%2Fwp%2Fv2%2Fmedia&parent=564"}],"curies":[{"name":"wp","href":"https:\/\/api.w.org\/{rel}","templated":true}]}}