{"id":563,"date":"2025-12-15T19:28:03","date_gmt":"2025-12-15T22:28:03","guid":{"rendered":"https:\/\/fsaq.edu.br\/?page_id=563"},"modified":"2026-03-08T16:20:39","modified_gmt":"2026-03-08T19:20:39","slug":"enfermagem-1","status":"publish","type":"page","link":"https:\/\/fsaq.edu.br\/?page_id=563","title":{"rendered":"ENFERMAGEM"},"content":{"rendered":"\t\t<div data-elementor-type=\"wp-page\" data-elementor-id=\"563\" class=\"elementor elementor-563\" data-elementor-settings=\"{&quot;ha_cmc_init_switcher&quot;:&quot;no&quot;}\" data-elementor-post-type=\"page\">\n\t\t\t\t<div data-particle_enable=\"false\" data-particle-mobile-disabled=\"false\" class=\"elementor-element elementor-element-eac43a0 e-con-full e-flex e-con e-parent\" data-id=\"eac43a0\" data-element_type=\"container\" data-e-type=\"container\" data-settings=\"{&quot;_ha_eqh_enable&quot;:false}\">\n\t\t<div data-particle_enable=\"false\" data-particle-mobile-disabled=\"false\" class=\"elementor-element elementor-element-2357e17 e-con-full e-flex e-con e-child\" data-id=\"2357e17\" data-element_type=\"container\" data-e-type=\"container\" data-settings=\"{&quot;_ha_eqh_enable&quot;:false}\">\n\t\t\t\t<div class=\"elementor-element elementor-element-6e17f40 elementor-widget elementor-widget-heading\" data-id=\"6e17f40\" data-element_type=\"widget\" data-e-type=\"widget\" data-widget_type=\"heading.default\">\n\t\t\t\t<div class=\"elementor-widget-container\">\n\t\t\t\t\t<h2 class=\"elementor-heading-title elementor-size-default\">ENFERMAGEM - BACHARELADO<\/h2>\t\t\t\t<\/div>\n\t\t\t\t<\/div>\n\t\t\t\t<div class=\"elementor-element elementor-element-f390a9c elementor-widget elementor-widget-text-editor\" data-id=\"f390a9c\" data-element_type=\"widget\" data-e-type=\"widget\" data-widget_type=\"text-editor.default\">\n\t\t\t\t<div class=\"elementor-widget-container\">\n\t\t\t\t\t\t\t\t\t<p class=\"Textstyle__TextComponent-sc-h4og4r-0 fxsA-Db text-duration\">10 semestres &#8211; 5 anos<\/p><div class=\"styles__Stamps-sc-2li7ne-12 irbHhw\">\u00a0<\/div>\t\t\t\t\t\t\t\t<\/div>\n\t\t\t\t<\/div>\n\t\t\t\t<\/div>\n\t\t<div data-particle_enable=\"false\" data-particle-mobile-disabled=\"false\" class=\"elementor-element elementor-element-2d1d7a9 e-con-full e-flex e-con e-child\" data-id=\"2d1d7a9\" data-element_type=\"container\" data-e-type=\"container\" data-settings=\"{&quot;_ha_eqh_enable&quot;:false}\">\n\t\t\t\t<div class=\"elementor-element elementor-element-dff0e49 elementor-widget elementor-widget-image\" data-id=\"dff0e49\" data-element_type=\"widget\" data-e-type=\"widget\" data-widget_type=\"image.default\">\n\t\t\t\t<div class=\"elementor-widget-container\">\n\t\t\t\t\t\t\t\t\t\t\t\t\t\t\t<img fetchpriority=\"high\" decoding=\"async\" width=\"800\" height=\"480\" src=\"https:\/\/fsaq.edu.br\/wp-content\/uploads\/2025\/12\/2-5-1024x614.png\" class=\"elementor-animation-shrink attachment-large size-large wp-image-592\" alt=\"\" srcset=\"https:\/\/fsaq.edu.br\/wp-content\/uploads\/2025\/12\/2-5-1024x614.png 1024w, https:\/\/fsaq.edu.br\/wp-content\/uploads\/2025\/12\/2-5-300x180.png 300w, https:\/\/fsaq.edu.br\/wp-content\/uploads\/2025\/12\/2-5-768x461.png 768w, https:\/\/fsaq.edu.br\/wp-content\/uploads\/2025\/12\/2-5.png 1200w\" sizes=\"(max-width: 800px) 100vw, 800px\" \/>\t\t\t\t\t\t\t\t\t\t\t\t\t\t\t<\/div>\n\t\t\t\t<\/div>\n\t\t\t\t<\/div>\n\t\t\t\t<\/div>\n\t\t<div data-particle_enable=\"false\" data-particle-mobile-disabled=\"false\" class=\"elementor-element elementor-element-93bdb0f e-con-full e-flex e-con e-parent\" data-id=\"93bdb0f\" data-element_type=\"container\" data-e-type=\"container\" data-settings=\"{&quot;_ha_eqh_enable&quot;:false}\">\n\t\t\t\t<div class=\"elementor-element elementor-element-2042d13 elementor-widget elementor-widget-spacer\" data-id=\"2042d13\" data-element_type=\"widget\" data-e-type=\"widget\" data-widget_type=\"spacer.default\">\n\t\t\t\t<div class=\"elementor-widget-container\">\n\t\t\t\t\t\t\t<div class=\"elementor-spacer\">\n\t\t\t<div class=\"elementor-spacer-inner\"><\/div>\n\t\t<\/div>\n\t\t\t\t\t\t<\/div>\n\t\t\t\t<\/div>\n\t\t\t\t<\/div>\n\t\t<div data-particle_enable=\"false\" data-particle-mobile-disabled=\"false\" class=\"elementor-element elementor-element-1c78224 e-flex e-con-boxed e-con e-parent\" data-id=\"1c78224\" data-element_type=\"container\" data-e-type=\"container\" data-settings=\"{&quot;background_background&quot;:&quot;classic&quot;,&quot;_ha_eqh_enable&quot;:false}\">\n\t\t\t\t\t<div class=\"e-con-inner\">\n\t\t\t\t<div class=\"elementor-element elementor-element-1418296 elementor-widget elementor-widget-heading\" data-id=\"1418296\" data-element_type=\"widget\" data-e-type=\"widget\" data-widget_type=\"heading.default\">\n\t\t\t\t<div class=\"elementor-widget-container\">\n\t\t\t\t\t<h2 class=\"elementor-heading-title elementor-size-default\">SOBRE O CURSO<\/h2>\t\t\t\t<\/div>\n\t\t\t\t<\/div>\n\t\t\t\t<div class=\"elementor-element elementor-element-655bf4f elementor-widget elementor-widget-text-editor\" data-id=\"655bf4f\" data-element_type=\"widget\" data-e-type=\"widget\" data-widget_type=\"text-editor.default\">\n\t\t\t\t<div class=\"elementor-widget-container\">\n\t\t\t\t\t\t\t\t\t<p data-start=\"527\" data-end=\"745\">O <strong data-start=\"529\" data-end=\"558\">Bacharelado em Enfermagem<\/strong> da <strong data-start=\"562\" data-end=\"609\">Faculdade Santo Ant\u00f4nio de Queimadas (FSAQ)<\/strong> forma profissionais preparados para atuar com compet\u00eancia t\u00e9cnica, responsabilidade \u00e9tica e compromisso com o cuidado integral \u00e0 sa\u00fade.<\/p><p data-start=\"747\" data-end=\"978\">Ao longo da gradua\u00e7\u00e3o, o estudante desenvolve conhecimentos cient\u00edficos e pr\u00e1ticos voltados \u00e0 promo\u00e7\u00e3o, preven\u00e7\u00e3o, recupera\u00e7\u00e3o e reabilita\u00e7\u00e3o da sa\u00fade, integrando teoria e viv\u00eancia profissional desde os primeiros per\u00edodos do curso.<\/p><p data-start=\"980\" data-end=\"1216\">A forma\u00e7\u00e3o \u00e9 direcionada para a atua\u00e7\u00e3o segura em diferentes contextos assistenciais, tanto na rede p\u00fablica quanto privada, com est\u00edmulo ao racioc\u00ednio cl\u00ednico, \u00e0 tomada de decis\u00f5es respons\u00e1veis e ao trabalho em equipe multiprofissional.<\/p><p data-start=\"1218\" data-end=\"1406\">A Enfermagem \u00e9 uma \u00e1rea em constante evolu\u00e7\u00e3o. Por isso, o curso incentiva a atualiza\u00e7\u00e3o permanente, o pensamento cr\u00edtico e a aplica\u00e7\u00e3o de boas pr\u00e1ticas baseadas em evid\u00eancias cient\u00edficas.<\/p><p data-start=\"1408\" data-end=\"1601\">Cursar Enfermagem na FSAQ \u00e9 investir em uma carreira que alia conhecimento, sensibilidade humana e impacto social, contribuindo para a melhoria da qualidade de vida das pessoas e da comunidade.<\/p>\t\t\t\t\t\t\t\t<\/div>\n\t\t\t\t<\/div>\n\t\t\t\t\t<\/div>\n\t\t\t\t<\/div>\n\t\t<div data-particle_enable=\"false\" data-particle-mobile-disabled=\"false\" class=\"elementor-element elementor-element-5e8d9f9 e-flex e-con-boxed e-con e-parent\" data-id=\"5e8d9f9\" data-element_type=\"container\" data-e-type=\"container\" data-settings=\"{&quot;background_background&quot;:&quot;gradient&quot;,&quot;_ha_eqh_enable&quot;:false}\">\n\t\t\t\t\t<div class=\"e-con-inner\">\n\t\t\t\t<div class=\"elementor-element elementor-element-82e5e5b elementor-widget__width-initial elementor-widget elementor-widget-image\" data-id=\"82e5e5b\" data-element_type=\"widget\" data-e-type=\"widget\" data-widget_type=\"image.default\">\n\t\t\t\t<div class=\"elementor-widget-container\">\n\t\t\t\t\t\t\t\t\t\t\t\t\t\t\t<img decoding=\"async\" width=\"800\" height=\"480\" src=\"https:\/\/fsaq.edu.br\/wp-content\/uploads\/2025\/12\/1-5-1024x614.png\" class=\"elementor-animation-pulse-grow attachment-large size-large wp-image-591\" alt=\"\" srcset=\"https:\/\/fsaq.edu.br\/wp-content\/uploads\/2025\/12\/1-5-1024x614.png 1024w, https:\/\/fsaq.edu.br\/wp-content\/uploads\/2025\/12\/1-5-300x180.png 300w, https:\/\/fsaq.edu.br\/wp-content\/uploads\/2025\/12\/1-5-768x461.png 768w, https:\/\/fsaq.edu.br\/wp-content\/uploads\/2025\/12\/1-5.png 1200w\" sizes=\"(max-width: 800px) 100vw, 800px\" \/>\t\t\t\t\t\t\t\t\t\t\t\t\t\t\t<\/div>\n\t\t\t\t<\/div>\n\t\t\t\t<div class=\"elementor-element elementor-element-cd28973 elementor-widget__width-initial elementor-widget elementor-widget-heading\" data-id=\"cd28973\" data-element_type=\"widget\" data-e-type=\"widget\" data-widget_type=\"heading.default\">\n\t\t\t\t<div class=\"elementor-widget-container\">\n\t\t\t\t\t<h2 class=\"elementor-heading-title elementor-size-default\">Seja um profissional em\n\nENFERMAGEM<\/h2>\t\t\t\t<\/div>\n\t\t\t\t<\/div>\n\t\t\t\t<div class=\"elementor-element elementor-element-5cbc960 elementor-align-center elementor-widget__width-inherit elementor-widget elementor-widget-button\" data-id=\"5cbc960\" data-element_type=\"widget\" data-e-type=\"widget\" data-widget_type=\"button.default\">\n\t\t\t\t<div class=\"elementor-widget-container\">\n\t\t\t\t\t\t\t\t\t<div class=\"elementor-button-wrapper\">\n\t\t\t\t\t<a class=\"elementor-button elementor-button-link elementor-size-sm\" href=\"#\">\n\t\t\t\t\t\t<span class=\"elementor-button-content-wrapper\">\n\t\t\t\t\t\t\t\t\t<span class=\"elementor-button-text\">Inscreva-se<\/span>\n\t\t\t\t\t<\/span>\n\t\t\t\t\t<\/a>\n\t\t\t\t<\/div>\n\t\t\t\t\t\t\t\t<\/div>\n\t\t\t\t<\/div>\n\t\t\t\t\t<\/div>\n\t\t\t\t<\/div>\n\t\t\t\t<\/div>\n\t\t","protected":false},"excerpt":{"rendered":"<p>ENFERMAGEM &#8211; BACHARELADO 10 semestres &#8211; 5 anos \u00a0 SOBRE O CURSO O Bacharelado em Enfermagem da Faculdade Santo Ant\u00f4nio de Queimadas (FSAQ) forma profissionais preparados para atuar com compet\u00eancia t\u00e9cnica, responsabilidade \u00e9tica e compromisso com o cuidado integral \u00e0 sa\u00fade. Ao longo da gradua\u00e7\u00e3o, o estudante desenvolve conhecimentos cient\u00edficos e pr\u00e1ticos voltados \u00e0 promo\u00e7\u00e3o, [&hellip;]<\/p>\n","protected":false},"author":1,"featured_media":0,"parent":0,"menu_order":0,"comment_status":"closed","ping_status":"closed","template":"elementor_header_footer","meta":{"footnotes":""},"class_list":["post-563","page","type-page","status-publish","hentry"],"_links":{"self":[{"href":"https:\/\/fsaq.edu.br\/index.php?rest_route=\/wp\/v2\/pages\/563","targetHints":{"allow":["GET"]}}],"collection":[{"href":"https:\/\/fsaq.edu.br\/index.php?rest_route=\/wp\/v2\/pages"}],"about":[{"href":"https:\/\/fsaq.edu.br\/index.php?rest_route=\/wp\/v2\/types\/page"}],"author":[{"embeddable":true,"href":"https:\/\/fsaq.edu.br\/index.php?rest_route=\/wp\/v2\/users\/1"}],"replies":[{"embeddable":true,"href":"https:\/\/fsaq.edu.br\/index.php?rest_route=%2Fwp%2Fv2%2Fcomments&post=563"}],"version-history":[{"count":14,"href":"https:\/\/fsaq.edu.br\/index.php?rest_route=\/wp\/v2\/pages\/563\/revisions"}],"predecessor-version":[{"id":847,"href":"https:\/\/fsaq.edu.br\/index.php?rest_route=\/wp\/v2\/pages\/563\/revisions\/847"}],"wp:attachment":[{"href":"https:\/\/fsaq.edu.br\/index.php?rest_route=%2Fwp%2Fv2%2Fmedia&parent=563"}],"curies":[{"name":"wp","href":"https:\/\/api.w.org\/{rel}","templated":true}]}}